{"id":6,"date":"2014-06-10T13:08:43","date_gmt":"2014-06-10T11:08:43","guid":{"rendered":"\/?page_id=6"},"modified":"2023-06-29T09:31:37","modified_gmt":"2023-06-29T09:31:37","slug":"willkommen","status":"publish","type":"page","link":"https:\/\/dazzling-mcclintock.89-22-112-177.plesk.page\/","title":{"rendered":"123"},"content":{"rendered":"\n<div style=\"height:100px\" aria-hidden=\"true\" class=\"wp-block-spacer\"><\/div>\n\n\n\n<div class=\"wp-block-columns alignwide is-layout-flex wp-container-core-columns-is-layout-9d6595d7 wp-block-columns-is-layout-flex\">\n<div class=\"wp-block-column is-vertically-aligned-top tabelle_buttons is-layout-flow wp-block-column-is-layout-flow\">\n<div class=\"wp-block-columns is-layout-flex wp-container-core-columns-is-layout-9d6595d7 wp-block-columns-is-layout-flex\">\n<div class=\"wp-block-column is-layout-flow wp-block-column-is-layout-flow\" style=\"flex-basis:25%\"><\/div>\n\n\n\n<div class=\"wp-block-column is-vertically-aligned-top inhaber_spalte_1 has-nv-site-bg-background-color has-background is-layout-flow wp-block-column-is-layout-flow\" style=\"flex-basis:50%\">\n<div class=\"wp-block-media-text is-stacked-on-mobile inhaber_spalte_1\" style=\"grid-template-columns:56% auto\"><figure class=\"wp-block-media-text__media\"><img loading=\"lazy\" decoding=\"async\" width=\"643\" height=\"1024\" src=\"https:\/\/dazzling-mcclintock.89-22-112-177.plesk.page\/wp-content\/uploads\/2022\/05\/Team-scaled-1-e1687505593554-643x1024.jpg\" alt=\"\" class=\"wp-image-5128 size-full\" srcset=\"https:\/\/dazzling-mcclintock.89-22-112-177.plesk.page\/wp-content\/uploads\/2022\/05\/Team-scaled-1-e1687505593554-643x1024.jpg 643w, https:\/\/dazzling-mcclintock.89-22-112-177.plesk.page\/wp-content\/uploads\/2022\/05\/Team-scaled-1-e1687505593554-188x300.jpg 188w, https:\/\/dazzling-mcclintock.89-22-112-177.plesk.page\/wp-content\/uploads\/2022\/05\/Team-scaled-1-e1687505593554-768x1224.jpg 768w, https:\/\/dazzling-mcclintock.89-22-112-177.plesk.page\/wp-content\/uploads\/2022\/05\/Team-scaled-1-e1687505593554.jpg 851w\" sizes=\"auto, (max-width: 643px) 100vw, 643px\" \/><\/figure><div class=\"wp-block-media-text__content\">\n<p><\/p>\n\n\n\n<p>Hallo Ich bin Ines Wegner, die Inhaberin der Stadt Apotheke Wurzen.<\/p>\n\n\n\n<p>Ihre Gesundheit ist f\u00fcr mich Herzenssache!<\/p>\n<\/div><\/div>\n\n\n\n<p><\/p>\n<\/div>\n\n\n\n<div class=\"wp-block-column is-layout-flow wp-block-column-is-layout-flow\" style=\"flex-basis:25%\"><\/div>\n<\/div>\n\n\n\n<div style=\"height:55px\" aria-hidden=\"true\" class=\"wp-block-spacer\"><\/div>\n\n\n\n<div class=\"wp-block-columns alignfull is-not-stacked-on-mobile buttonleiste is-layout-flex wp-container-core-columns-is-layout-9d6595d7 wp-block-columns-is-layout-flex\">\n<div class=\"wp-block-column is-vertically-aligned-center is-layout-flow wp-block-column-is-layout-flow\"><div class=\"wp-block-image is-style-default\">\n<figure class=\"aligncenter size-full is-resized\"><img loading=\"lazy\" decoding=\"async\" src=\"https:\/\/dazzling-mcclintock.89-22-112-177.plesk.page\/wp-content\/uploads\/2023\/06\/Icon-ueber-uns-dunkelgruen.png\" alt=\"\" class=\"wp-image-5198\" width=\"160\" height=\"159\" srcset=\"https:\/\/dazzling-mcclintock.89-22-112-177.plesk.page\/wp-content\/uploads\/2023\/06\/Icon-ueber-uns-dunkelgruen.png 213w, https:\/\/dazzling-mcclintock.89-22-112-177.plesk.page\/wp-content\/uploads\/2023\/06\/Icon-ueber-uns-dunkelgruen-150x150.png 150w\" sizes=\"auto, (max-width: 160px) 100vw, 160px\" \/><\/figure>\n<\/div>\n\n\n<p class=\"has-text-align-center\">\u00dcber uns&#8230;<\/p>\n<\/div>\n\n\n\n<div class=\"wp-block-column is-vertically-aligned-center is-layout-flow wp-block-column-is-layout-flow\"><div class=\"wp-block-image\">\n<figure class=\"aligncenter size-full is-resized\"><img loading=\"lazy\" decoding=\"async\" src=\"https:\/\/dazzling-mcclintock.89-22-112-177.plesk.page\/wp-content\/uploads\/2023\/06\/Icon-Team-dunkelgruen.png\" alt=\"\" class=\"wp-image-5199\" width=\"159\" height=\"160\" srcset=\"https:\/\/dazzling-mcclintock.89-22-112-177.plesk.page\/wp-content\/uploads\/2023\/06\/Icon-Team-dunkelgruen.png 212w, https:\/\/dazzling-mcclintock.89-22-112-177.plesk.page\/wp-content\/uploads\/2023\/06\/Icon-Team-dunkelgruen-150x150.png 150w\" sizes=\"auto, (max-width: 159px) 100vw, 159px\" \/><\/figure>\n<\/div>\n\n\n<p class=\"has-text-align-center\">Unser Team<\/p>\n<\/div>\n\n\n\n<div class=\"wp-block-column is-layout-flow wp-block-column-is-layout-flow\"><div class=\"wp-block-image\">\n<figure class=\"aligncenter size-full is-resized\"><img loading=\"lazy\" decoding=\"async\" src=\"https:\/\/dazzling-mcclintock.89-22-112-177.plesk.page\/wp-content\/uploads\/2023\/06\/Icon-dunkelgruen.png\" alt=\"\" class=\"wp-image-5200\" width=\"159\" height=\"160\" srcset=\"https:\/\/dazzling-mcclintock.89-22-112-177.plesk.page\/wp-content\/uploads\/2023\/06\/Icon-dunkelgruen.png 212w, https:\/\/dazzling-mcclintock.89-22-112-177.plesk.page\/wp-content\/uploads\/2023\/06\/Icon-dunkelgruen-150x150.png 150w\" sizes=\"auto, (max-width: 159px) 100vw, 159px\" \/><\/figure>\n<\/div>\n\n\n<p class=\"has-text-align-center\">Kontakt<\/p>\n<\/div>\n<\/div>\n<\/div>\n<\/div>\n\n\n\n<div style=\"height:39px\" aria-hidden=\"true\" class=\"wp-block-spacer\"><\/div>\n\n\n\n<div class=\"wp-block-columns is-layout-flex wp-container-core-columns-is-layout-9d6595d7 wp-block-columns-is-layout-flex\">\n<div class=\"wp-block-column is-vertically-aligned-top is-layout-flow wp-block-column-is-layout-flow\">\n<figure class=\"wp-block-image size-full\"><a href=\"https:\/\/www.openstreetmap.org\/?mlat=51.36921&amp;mlon=12.73484#map=19\/51.36921\/12.73484\" target=\"_blank\" rel=\"noreferrer noopener\"><img loading=\"lazy\" decoding=\"async\" width=\"947\" height=\"657\" src=\"https:\/\/dazzling-mcclintock.89-22-112-177.plesk.page\/wp-content\/uploads\/2023\/05\/Screenshot-2023-05-03-111452.png\" alt=\"\" class=\"wp-image-5144\" srcset=\"https:\/\/dazzling-mcclintock.89-22-112-177.plesk.page\/wp-content\/uploads\/2023\/05\/Screenshot-2023-05-03-111452.png 947w, https:\/\/dazzling-mcclintock.89-22-112-177.plesk.page\/wp-content\/uploads\/2023\/05\/Screenshot-2023-05-03-111452-300x208.png 300w, https:\/\/dazzling-mcclintock.89-22-112-177.plesk.page\/wp-content\/uploads\/2023\/05\/Screenshot-2023-05-03-111452-768x533.png 768w\" sizes=\"auto, (max-width: 947px) 100vw, 947px\" \/><\/a><figcaption class=\"wp-element-caption\"><a rel=\"noreferrer noopener\" href=\"https:\/\/www.openstreetmap.org\/copyright\" target=\"_blank\">https:\/\/www.openstreetmap.org\/copyright<\/a><\/figcaption><\/figure>\n<\/div>\n\n\n\n<div class=\"wp-block-column is-layout-flow wp-block-column-is-layout-flow\">\n<p>Montag- Freitag 8.00 \u2013 18.00 Uhr<br>Samstag 9.00 \u2013 12.00 Uhr<\/p>\n\n\n\n<p>Stadt Apotheke&nbsp;Wurzen<br>Domgasse 1,<br>04808 Wurzen<\/p>\n\n\n\n<p>Inhaberin Apothekerin Ines Wegner<\/p>\n\n\n\n<p>Telefon&nbsp;03425-920071<\/p>\n<\/div>\n<\/div>\n\n\n\n<div class=\"wp-block-cover alignfull\" style=\"min-height:287px;aspect-ratio:unset;\"><span aria-hidden=\"true\" class=\"wp-block-cover__background has-neve-link-hover-color-background-color has-background-dim-100 has-background-dim\"><\/span><div class=\"wp-block-cover__inner-container is-layout-flow wp-block-cover-is-layout-flow\">\n<p class=\"has-text-align-center has-large-font-size\">LEISTUNGEN &amp; BERATUNG<\/p>\n<\/div><\/div>\n\n\n\n<div style=\"height:39px\" aria-hidden=\"true\" class=\"wp-block-spacer\"><\/div>\n\n\n\n<div class=\"wp-block-columns is-layout-flex wp-container-core-columns-is-layout-9d6595d7 wp-block-columns-is-layout-flex\">\n<div class=\"wp-block-column is-layout-flow wp-block-column-is-layout-flow\">\n<p>Blutdruckmessung<br>Beratung<br>Kompressionsstr\u00fcmpfe<br>Bandagen<br>Hilfsmittel<\/p>\n\n\n\n<h4 class=\"wp-block-heading\">Coronavirus SARS-CoV-2<\/h4>\n\n\n\n<h5 class=\"wp-block-heading\">Impfnachweis-Ausstellung \/ digitaler Impfnachweis<\/h5>\n\n\n\n<p>Corona-Test als Schnelltests vor Ort<br><a href=\"https:\/\/stadt-apotheke-wurzen.de\/wp-content\/uploads\/2021\/05\/Einverstaendnis_CoronaSchnelltest.pdf\">Einverst\u00e4ndniserkl\u00e4rung zur Durchf\u00fchrung eines PoC-Antigen-Tests<\/a><br>Corona Selbsttests f\u00fcr zu Hause<br>FFP2-Masken<\/p>\n<\/div>\n\n\n\n<div class=\"wp-block-column is-vertically-aligned-top is-layout-flow wp-block-column-is-layout-flow\"><div class=\"wp-block-image\">\n<figure class=\"aligncenter size-full\"><img loading=\"lazy\" decoding=\"async\" width=\"450\" height=\"300\" src=\"https:\/\/dazzling-mcclintock.89-22-112-177.plesk.page\/wp-content\/uploads\/2014\/06\/service-grimma.jpg\" alt=\"\" class=\"wp-image-73\" srcset=\"https:\/\/dazzling-mcclintock.89-22-112-177.plesk.page\/wp-content\/uploads\/2014\/06\/service-grimma.jpg 450w, https:\/\/dazzling-mcclintock.89-22-112-177.plesk.page\/wp-content\/uploads\/2014\/06\/service-grimma-300x200.jpg 300w\" sizes=\"auto, (max-width: 450px) 100vw, 450px\" \/><\/figure>\n<\/div><\/div>\n<\/div>\n\n\n\n<div class=\"wp-block-cover alignfull\" style=\"min-height:287px;aspect-ratio:unset;\"><span aria-hidden=\"true\" class=\"wp-block-cover__background has-neve-link-color-background-color has-background-dim-100 has-background-dim\"><\/span><div class=\"wp-block-cover__inner-container is-layout-flow wp-block-cover-is-layout-flow\">\n<p class=\"has-text-align-center has-large-font-size\">UNSER SERVICE<\/p>\n<\/div><\/div>\n\n\n\n<div style=\"height:39px\" aria-hidden=\"true\" class=\"wp-block-spacer\"><\/div>\n\n\n\n<div class=\"wp-block-columns are-vertically-aligned-top is-layout-flex wp-container-core-columns-is-layout-9d6595d7 wp-block-columns-is-layout-flex\">\n<div class=\"wp-block-column is-vertically-aligned-top is-layout-flow wp-block-column-is-layout-flow\">\n<figure class=\"wp-block-image size-large is-resized\"><img loading=\"lazy\" decoding=\"async\" src=\"https:\/\/dazzling-mcclintock.89-22-112-177.plesk.page\/wp-content\/uploads\/2022\/05\/Team-scaled-1-1024x689.jpg\" alt=\"\" class=\"wp-image-5128\" width=\"394\" height=\"263\"\/><\/figure>\n<\/div>\n\n\n\n<div class=\"wp-block-column is-vertically-aligned-top is-layout-flow wp-block-column-is-layout-flow\">\n<p>Vorbestellung und Lieferung von Medikamenten<br>Bring-Service Fahrdienst<br>Heimbelieferung<br>Kundenkarte<\/p>\n\n\n\n<p>Rufen Sie uns einfach an. Wir nehmen Ihre Bestellung entgegen und beraten Sie kostenlos.<\/p>\n\n\n\n<p>Per&nbsp;Telefon: 03425-920071<\/p>\n<\/div>\n<\/div>\n","protected":false},"excerpt":{"rendered":"<p>Hallo Ich bin Ines Wegner, die Inhaberin der Stadt Apotheke Wurzen. Ihre Gesundheit ist f\u00fcr mich Herzenssache! \u00dcber uns&#8230; Unser Team Kontakt Montag- Freitag 8.00 \u2013 18.00 UhrSamstag 9.00 \u2013 12.00 Uhr Stadt Apotheke&nbsp;WurzenDomgasse 1,04808 Wurzen Inhaberin Apothekerin Ines Wegner Telefon&nbsp;03425-920071 BlutdruckmessungBeratungKompressionsstr\u00fcmpfeBandagenHilfsmittel Coronavirus SARS-CoV-2 Impfnachweis-Ausstellung \/ digitaler Impfnachweis Corona-Test als Schnelltests vor OrtEinverst\u00e4ndniserkl\u00e4rung zur Durchf\u00fchrung&hellip;&nbsp;<a href=\"https:\/\/dazzling-mcclintock.89-22-112-177.plesk.page\/\" class=\"\" rel=\"bookmark\">Weiterlesen &raquo;<span class=\"screen-reader-text\">123<\/span><\/a><\/p>\n","protected":false},"author":1,"featured_media":0,"parent":0,"menu_order":0,"comment_status":"open","ping_status":"open","template":"","meta":{"neve_meta_sidebar":"","neve_meta_container":"default","neve_meta_enable_content_width":"on","neve_meta_content_width":70,"neve_meta_title_alignment":"","neve_meta_author_avatar":"","neve_post_elements_order":"","neve_meta_disable_header":"","neve_meta_disable_footer":"","neve_meta_disable_title":"","neve_meta_reading_time":"","_themeisle_gutenberg_block_has_review":false,"_ti_tpc_template_sync":false,"_ti_tpc_template_id":"","footnotes":""},"class_list":["post-6","page","type-page","status-publish","hentry"],"_links":{"self":[{"href":"https:\/\/dazzling-mcclintock.89-22-112-177.plesk.page\/index.php\/wp-json\/wp\/v2\/pages\/6","targetHints":{"allow":["GET"]}}],"collection":[{"href":"https:\/\/dazzling-mcclintock.89-22-112-177.plesk.page\/index.php\/wp-json\/wp\/v2\/pages"}],"about":[{"href":"https:\/\/dazzling-mcclintock.89-22-112-177.plesk.page\/index.php\/wp-json\/wp\/v2\/types\/page"}],"author":[{"embeddable":true,"href":"https:\/\/dazzling-mcclintock.89-22-112-177.plesk.page\/index.php\/wp-json\/wp\/v2\/users\/1"}],"replies":[{"embeddable":true,"href":"https:\/\/dazzling-mcclintock.89-22-112-177.plesk.page\/index.php\/wp-json\/wp\/v2\/comments?post=6"}],"version-history":[{"count":27,"href":"https:\/\/dazzling-mcclintock.89-22-112-177.plesk.page\/index.php\/wp-json\/wp\/v2\/pages\/6\/revisions"}],"predecessor-version":[{"id":5472,"href":"https:\/\/dazzling-mcclintock.89-22-112-177.plesk.page\/index.php\/wp-json\/wp\/v2\/pages\/6\/revisions\/5472"}],"wp:attachment":[{"href":"https:\/\/dazzling-mcclintock.89-22-112-177.plesk.page\/index.php\/wp-json\/wp\/v2\/media?parent=6"}],"curies":[{"name":"wp","href":"https:\/\/api.w.org\/{rel}","templated":true}]}}